{"id":4281,"date":"2025-11-12T19:20:44","date_gmt":"2025-11-12T17:20:44","guid":{"rendered":"https:\/\/hasbrotailormade.com\/etudes-de-cas\/monopoly-galp\/"},"modified":"2025-12-09T11:56:42","modified_gmt":"2025-12-09T09:56:42","slug":"monopoly-galp","status":"publish","type":"page","link":"https:\/\/hasbrotailormade.com\/fr\/etudes-de-cas\/monopoly-galp\/","title":{"rendered":"Monopoly Galp"},"content":{"rendered":"\t\t<div data-elementor-type=\"wp-page\" data-elementor-id=\"4281\" class=\"elementor elementor-4281 elementor-2370\" data-elementor-post-type=\"page\">\n\t\t\t\t\t\t<section class=\"elementor-section elementor-top-section elementor-element elementor-element-7b85fd0c elementor-section-height-min-height elementor-hidden-mobile fonsmou elementor-section-boxed elementor-section-height-default elementor-section-items-middle\" data-id=\"7b85fd0c\" data-element_type=\"section\" data-e-type=\"section\" data-settings=\"{&quot;background_background&quot;:&quot;classic&quot;,&quot;shape_divider_bottom&quot;:&quot;curve&quot;}\">\n\t\t\t\t\t<div class=\"elementor-shape elementor-shape-bottom\" aria-hidden=\"true\" data-negative=\"false\">\n\t\t\t<svg xmlns=\"http:\/\/www.w3.org\/2000\/svg\" viewBox=\"0 0 1000 100\" preserveAspectRatio=\"none\">\n    <path class=\"elementor-shape-fill\" d=\"M1000,4.3V0H0v4.3C0.9,23.1,126.7,99.2,500,100S1000,22.7,1000,4.3z\"\/>\n<\/svg>\t\t<\/div>\n\t\t\t\t\t<div class=\"elementor-container elementor-column-gap-default\">\n\t\t\t\t\t<div class=\"elementor-column elementor-col-50 elementor-top-column elementor-element elementor-element-5fe47b49\" data-id=\"5fe47b49\" data-element_type=\"column\" data-e-type=\"column\">\n\t\t\t<div class=\"elementor-widget-wrap\">\n\t\t\t\t\t\t\t<\/div>\n\t\t<\/div>\n\t\t\t\t<div class=\"elementor-column elementor-col-50 elementor-top-column elementor-element elementor-element-48dad707\" data-id=\"48dad707\" data-element_type=\"column\" data-e-type=\"column\">\n\t\t\t<div class=\"elementor-widget-wrap elementor-element-populated\">\n\t\t\t\t\t\t<div class=\"elementor-element elementor-element-36731056 elementor-invisible elementor-widget elementor-widget-heading\" data-id=\"36731056\" data-element_type=\"widget\" data-e-type=\"widget\" data-settings=\"{&quot;_animation&quot;:&quot;fadeIn&quot;}\" data-widget_type=\"heading.default\">\n\t\t\t\t<div class=\"elementor-widget-container\">\n\t\t\t\t\t<h1 class=\"elementor-heading-title elementor-size-default\">Monopoly Galp<\/h1>\t\t\t\t<\/div>\n\t\t\t\t<\/div>\n\t\t\t\t\t<\/div>\n\t\t<\/div>\n\t\t\t\t\t<\/div>\n\t\t<\/section>\n\t\t\t\t<section class=\"elementor-section elementor-top-section elementor-element elementor-element-77bfb314 elementor-section-height-min-height elementor-hidden-desktop elementor-hidden-tablet elementor-section-boxed elementor-section-height-default elementor-section-items-middle\" data-id=\"77bfb314\" data-element_type=\"section\" data-e-type=\"section\" data-settings=\"{&quot;background_background&quot;:&quot;classic&quot;,&quot;shape_divider_bottom&quot;:&quot;curve&quot;}\">\n\t\t\t\t\t<div class=\"elementor-shape elementor-shape-bottom\" aria-hidden=\"true\" data-negative=\"false\">\n\t\t\t<svg xmlns=\"http:\/\/www.w3.org\/2000\/svg\" viewBox=\"0 0 1000 100\" preserveAspectRatio=\"none\">\n    <path class=\"elementor-shape-fill\" d=\"M1000,4.3V0H0v4.3C0.9,23.1,126.7,99.2,500,100S1000,22.7,1000,4.3z\"\/>\n<\/svg>\t\t<\/div>\n\t\t\t\t\t<div class=\"elementor-container elementor-column-gap-default\">\n\t\t\t\t\t<div class=\"elementor-column elementor-col-100 elementor-top-column elementor-element elementor-element-348f06ea\" data-id=\"348f06ea\" data-element_type=\"column\" data-e-type=\"column\">\n\t\t\t<div class=\"elementor-widget-wrap\">\n\t\t\t\t\t\t\t<\/div>\n\t\t<\/div>\n\t\t\t\t\t<\/div>\n\t\t<\/section>\n\t\t\t\t<section class=\"elementor-section elementor-top-section elementor-element elementor-element-309b594 elementor-section-height-min-height elementor-hidden-desktop elementor-hidden-tablet elementor-section-boxed elementor-section-height-default elementor-section-items-middle\" data-id=\"309b594\" data-element_type=\"section\" data-e-type=\"section\" data-settings=\"{&quot;background_background&quot;:&quot;classic&quot;}\">\n\t\t\t\t\t\t<div class=\"elementor-container elementor-column-gap-default\">\n\t\t\t\t\t<div class=\"elementor-column elementor-col-100 elementor-top-column elementor-element elementor-element-1d31ebe\" data-id=\"1d31ebe\" data-element_type=\"column\" data-e-type=\"column\">\n\t\t\t<div class=\"elementor-widget-wrap elementor-element-populated\">\n\t\t\t\t\t\t<div class=\"elementor-element elementor-element-633858e7 elementor-invisible elementor-widget elementor-widget-heading\" data-id=\"633858e7\" data-element_type=\"widget\" data-e-type=\"widget\" data-settings=\"{&quot;_animation&quot;:&quot;fadeIn&quot;}\" data-widget_type=\"heading.default\">\n\t\t\t\t<div class=\"elementor-widget-container\">\n\t\t\t\t\t<h1 class=\"elementor-heading-title elementor-size-default\">Monopoly Galp<\/h1>\t\t\t\t<\/div>\n\t\t\t\t<\/div>\n\t\t\t\t\t<\/div>\n\t\t<\/div>\n\t\t\t\t\t<\/div>\n\t\t<\/section>\n\t\t\t\t<section class=\"elementor-section elementor-top-section elementor-element elementor-element-6aa63bb elementor-section-boxed elementor-section-height-default elementor-section-height-default\" data-id=\"6aa63bb\" data-element_type=\"section\" data-e-type=\"section\">\n\t\t\t\t\t\t<div class=\"elementor-container elementor-column-gap-default\">\n\t\t\t\t\t<div class=\"elementor-column elementor-col-50 elementor-top-column elementor-element elementor-element-a78ddba\" data-id=\"a78ddba\" data-element_type=\"column\" data-e-type=\"column\">\n\t\t\t<div class=\"elementor-widget-wrap elementor-element-populated\">\n\t\t\t\t\t\t<section class=\"elementor-section elementor-inner-section elementor-element elementor-element-72a702d elementor-section-boxed elementor-section-height-default elementor-section-height-default\" data-id=\"72a702d\" data-element_type=\"section\" data-e-type=\"section\" data-settings=\"{&quot;background_background&quot;:&quot;classic&quot;}\">\n\t\t\t\t\t\t<div class=\"elementor-container elementor-column-gap-default\">\n\t\t\t\t\t<div class=\"elementor-column elementor-col-100 elementor-inner-column elementor-element elementor-element-087563c\" data-id=\"087563c\" data-element_type=\"column\" data-e-type=\"column\" data-settings=\"{&quot;background_background&quot;:&quot;classic&quot;}\">\n\t\t\t<div class=\"elementor-widget-wrap elementor-element-populated\">\n\t\t\t\t\t\t<div class=\"elementor-element elementor-element-546fa25 elementor-widget elementor-widget-text-editor\" data-id=\"546fa25\" data-element_type=\"widget\" data-e-type=\"widget\" data-widget_type=\"text-editor.default\">\n\t\t\t\t<div class=\"elementor-widget-container\">\n\t\t\t\t\t\t\t\t\t<p><strong>AN: <\/strong>2020<br \/><strong>CLIENT: <\/strong>GALP<br \/><strong>LICENCE:<\/strong> MONOPOLY<\/p>\t\t\t\t\t\t\t\t<\/div>\n\t\t\t\t<\/div>\n\t\t\t\t\t<\/div>\n\t\t<\/div>\n\t\t\t\t\t<\/div>\n\t\t<\/section>\n\t\t\t\t<div class=\"elementor-element elementor-element-8277d2c elementor-widget elementor-widget-image\" data-id=\"8277d2c\" data-element_type=\"widget\" data-e-type=\"widget\" data-widget_type=\"image.default\">\n\t\t\t\t<div class=\"elementor-widget-container\">\n\t\t\t\t\t\t\t\t\t\t\t\t\t\t\t<img decoding=\"async\" width=\"179\" height=\"120\" src=\"https:\/\/hasbrotailormade.com\/wp-content\/uploads\/2025\/12\/monopoly.png\" class=\"attachment-large size-large wp-image-4564\" alt=\"\" \/>\t\t\t\t\t\t\t\t\t\t\t\t\t\t\t<\/div>\n\t\t\t\t<\/div>\n\t\t\t\t<div class=\"elementor-element elementor-element-6cf87dd elementor-widget elementor-widget-text-editor\" data-id=\"6cf87dd\" data-element_type=\"widget\" data-e-type=\"widget\" data-widget_type=\"text-editor.default\">\n\t\t\t\t<div class=\"elementor-widget-container\">\n\t\t\t\t\t\t\t\t\t<p><strong>Description<\/strong> :\u00a0\u00c9dition exclusive du Monopoly personnalis\u00e9e pour Galp, adapt\u00e9e \u00e0 l\u2019environnement des stations-service.<\/p><p>\u00a0<\/p><p><strong>Objectif<\/strong> :\u00a0Transmettre les valeurs, la mission et la vision de l\u2019entreprise de mani\u00e8re ludique, rapprochant la marque des consommateurs.<\/p><p>\u00a0<\/p><p><strong>R\u00e9sultats<\/strong> :\u00a0Campagne institutionnelle \u00e0 forte valeur p\u00e9dagogique qui a am\u00e9lior\u00e9 la perception de la marque et renforc\u00e9 son positionnement au Portugal.<\/p>\t\t\t\t\t\t\t\t<\/div>\n\t\t\t\t<\/div>\n\t\t\t\t\t<\/div>\n\t\t<\/div>\n\t\t\t\t<div class=\"elementor-column elementor-col-50 elementor-top-column elementor-element elementor-element-953c873\" data-id=\"953c873\" data-element_type=\"column\" data-e-type=\"column\">\n\t\t\t<div class=\"elementor-widget-wrap elementor-element-populated\">\n\t\t\t\t\t\t<div class=\"elementor-element elementor-element-72b3ac9 galeria elementor-skin-carousel elementor-pagination-type-bullets elementor-pagination-position-outside elementor-widget elementor-widget-media-carousel\" data-id=\"72b3ac9\" data-element_type=\"widget\" data-e-type=\"widget\" data-settings=\"{&quot;slides_per_view&quot;:&quot;1&quot;,&quot;skin&quot;:&quot;carousel&quot;,&quot;effect&quot;:&quot;slide&quot;,&quot;pagination&quot;:&quot;bullets&quot;,&quot;speed&quot;:500,&quot;autoplay&quot;:&quot;yes&quot;,&quot;autoplay_speed&quot;:5000,&quot;loop&quot;:&quot;yes&quot;,&quot;pause_on_hover&quot;:&quot;yes&quot;,&quot;pause_on_interaction&quot;:&quot;yes&quot;,&quot;space_between&quot;:{&quot;unit&quot;:&quot;px&quot;,&quot;size&quot;:10,&quot;sizes&quot;:[]},&quot;space_between_tablet&quot;:{&quot;unit&quot;:&quot;px&quot;,&quot;size&quot;:10,&quot;sizes&quot;:[]},&quot;space_between_mobile&quot;:{&quot;unit&quot;:&quot;px&quot;,&quot;size&quot;:10,&quot;sizes&quot;:[]}}\" data-widget_type=\"media-carousel.default\">\n\t\t\t\t<div class=\"elementor-widget-container\">\n\t\t\t\t\t\t\t\t\t<div class=\"elementor-swiper\">\n\t\t\t\t\t<div class=\"elementor-main-swiper swiper\" role=\"region\" aria-roledescription=\"carousel\" aria-label=\"Diapositives\">\n\t\t\t\t<div class=\"swiper-wrapper\">\n\t\t\t\t\t\t\t\t\t\t\t<div class=\"swiper-slide\" role=\"group\" aria-roledescription=\"slide\">\n\t\t\t\t\t\t\t\t\t<div class=\"elementor-carousel-image\" role=\"img\" aria-label=\"YDRAY-MONOPOLY-PORTUGAL-WEB-copia\" style=\"background-image: url(&#039;https:\/\/hasbrotailormade.com\/wp-content\/uploads\/2025\/11\/YDRAY-MONOPOLY-PORTUGAL-WEB-copia.jpg&#039;)\">\n\n\t\t\t\n\t\t\t\t\t<\/div>\n\t\t\t\t\t\t\t\t<\/div>\n\t\t\t\t\t\t\t\t\t<\/div>\n\t\t\t\t\t\t\t<\/div>\n\t\t\t\t<\/div>\n\t\t\t\t\t\t\t\t<\/div>\n\t\t\t\t<\/div>\n\t\t\t\t\t<\/div>\n\t\t<\/div>\n\t\t\t\t\t<\/div>\n\t\t<\/section>\n\t\t\t\t<section class=\"elementor-section elementor-top-section elementor-element elementor-element-8662cb5 elementor-section-boxed elementor-section-height-default elementor-section-height-default\" data-id=\"8662cb5\" data-element_type=\"section\" data-e-type=\"section\">\n\t\t\t\t\t\t<div class=\"elementor-container elementor-column-gap-default\">\n\t\t\t\t\t<div class=\"elementor-column elementor-col-100 elementor-top-column elementor-element elementor-element-dba6e16\" data-id=\"dba6e16\" data-element_type=\"column\" data-e-type=\"column\">\n\t\t\t<div class=\"elementor-widget-wrap elementor-element-populated\">\n\t\t\t\t\t\t<div class=\"elementor-element elementor-element-57a5a87 elementor-hidden-desktop elementor-hidden-tablet elementor-invisible elementor-widget elementor-widget-text-editor\" data-id=\"57a5a87\" data-element_type=\"widget\" data-e-type=\"widget\" data-settings=\"{&quot;_animation&quot;:&quot;fadeIn&quot;}\" data-widget_type=\"text-editor.default\">\n\t\t\t\t<div class=\"elementor-widget-container\">\n\t\t\t\t\t\t\t\t\t<p>Plus d&rsquo;histoires de succ\u00e8s<\/p>\t\t\t\t\t\t\t\t<\/div>\n\t\t\t\t<\/div>\n\t\t\t\t\t<\/div>\n\t\t<\/div>\n\t\t\t\t\t<\/div>\n\t\t<\/section>\n\t\t\t\t<section class=\"elementor-section elementor-top-section elementor-element elementor-element-eba6f26 elementor-section-boxed elementor-section-height-default elementor-section-height-default\" data-id=\"eba6f26\" data-element_type=\"section\" data-e-type=\"section\">\n\t\t\t\t\t\t<div class=\"elementor-container elementor-column-gap-default\">\n\t\t\t\t\t<div class=\"elementor-column elementor-col-100 elementor-top-column elementor-element elementor-element-f9a879c\" data-id=\"f9a879c\" data-element_type=\"column\" data-e-type=\"column\">\n\t\t\t<div class=\"elementor-widget-wrap elementor-element-populated\">\n\t\t\t\t\t\t<div class=\"elementor-element elementor-element-0c4d22c pa-carousel-template pa-carousel-horizontal pa-arrows-default elementor-widget elementor-widget-premium-carousel-widget\" data-id=\"0c4d22c\" data-element_type=\"widget\" data-e-type=\"widget\" data-widget_type=\"premium-carousel-widget.default\">\n\t\t\t\t<div class=\"elementor-widget-container\">\n\t\t\t\t\t\t\t<div id=\"premium-carousel-wrapper-0c4d22c\" class=\"premium-carousel-wrapper premium-carousel-hidden carousel-wrapper-0c4d22c \" data-settings=\"{&quot;vertical&quot;:false,&quot;appearance&quot;:&quot;all&quot;,&quot;slidesToShow&quot;:2,&quot;infinite&quot;:true,&quot;speed&quot;:300,&quot;fade&quot;:false,&quot;autoplay&quot;:false,&quot;autoplaySpeed&quot;:&quot;&quot;,&quot;draggable&quot;:true,&quot;touchMove&quot;:true,&quot;adaptiveHeight&quot;:false,&quot;variableWidth&quot;:false,&quot;cssEase&quot;:&quot;ease&quot;,&quot;pauseOnHover&quot;:false,&quot;centerMode&quot;:false,&quot;arrows&quot;:true,&quot;dots&quot;:false,&quot;slidesDesk&quot;:2,&quot;slidesTab&quot;:1,&quot;slidesMob&quot;:1,&quot;animation&quot;:&quot;null&quot;,&quot;tabletBreak&quot;:1025,&quot;mobileBreak&quot;:768,&quot;navigation&quot;:[&quot;&quot;],&quot;carouselNavigation&quot;:true,&quot;templatesNumber&quot;:1,&quot;hasNavSlider&quot;:false,&quot;mouseTilt&quot;:false,&quot;mouseTiltRev&quot;:false}\">\n\t\t\t<!-- Dots -->\n\t\t\t\n\t\t\t\t\t\t\t<div class=\"premium-carousel-nav-arrow-prev\">\n\t\t\t\t\t<a type=\"button\" data-role=\"none\" class=\"carousel-arrow carousel-prev\" aria-label=\"Previous\" role=\"button\">\n\t\t\t\t\t\t\t\t\t\t\t\t\t<i class=\"fas fa-angle-left\" aria-hidden=\"true\"><\/i>\n\t\t\t\t\t\t\t\t\t\t\t\t<\/a>\n\t\t\t\t\t<\/div>\n\t\t\t\t\t<div class=\"premium-carousel-nav-arrow-next\">\n\t\t\t\t\t\t<a type=\"button\" data-role=\"none\" class=\"carousel-arrow carousel-next\" aria-label=\"Next\" role=\"button\">\n\t\t\t\t\t\t\t\t\t\t\t\t\t\t\t<i class=\"fas fa-angle-right\" aria-hidden=\"true\"><\/i>\n\t\t\t\t\t\t\t\t\t\t\t\t\t\t<\/a>\n\t\t\t\t\t<\/div>\n\t\t\t\n\t\t\t<!-- Main Slides -->\n\t\t\t<div id=\"premium-carousel-0c4d22c\" class=\"premium-carousel-inner\">\n\t\t\t\t\t\t\t<\/div>\n\n\t\t\t\n\t\t\t\n\t\t\t\t\t<\/div>\n\t\t\t\t\t\t<\/div>\n\t\t\t\t<\/div>\n\t\t\t\t<div class=\"elementor-element elementor-element-9f26d5e elementor-align-center boto-verd elementor-mobile-align-center elementor-invisible elementor-widget elementor-widget-button\" data-id=\"9f26d5e\" data-element_type=\"widget\" data-e-type=\"widget\" data-settings=\"{&quot;_animation&quot;:&quot;fadeIn&quot;}\" data-widget_type=\"button.default\">\n\t\t\t\t<div class=\"elementor-widget-container\">\n\t\t\t\t\t\t\t\t\t<div class=\"elementor-button-wrapper\">\n\t\t\t\t\t<a class=\"elementor-button elementor-button-link elementor-size-sm\" href=\"https:\/\/hasbrotailormade.com\/fr\/etudes-de-cas\/\">\n\t\t\t\t\t\t<span class=\"elementor-button-content-wrapper\">\n\t\t\t\t\t\t\t\t\t<span class=\"elementor-button-text\">Voir tout<\/span>\n\t\t\t\t\t<\/span>\n\t\t\t\t\t<\/a>\n\t\t\t\t<\/div>\n\t\t\t\t\t\t\t\t<\/div>\n\t\t\t\t<\/div>\n\t\t\t\t\t<\/div>\n\t\t<\/div>\n\t\t\t\t\t<\/div>\n\t\t<\/section>\n\t\t\t\t<\/div>\n\t\t","protected":false},"excerpt":{"rendered":"<p>Monopoly Galp Monopoly Galp AN: 2020CLIENT: GALPLICENCE: MONOPOLY Description :\u00a0\u00c9dition exclusive du Monopoly personnalis\u00e9e pour Galp, adapt\u00e9e \u00e0 l\u2019environnement des stations-service. \u00a0 Objectif :\u00a0Transmettre les valeurs, la mission et la vision de l\u2019entreprise de mani\u00e8re ludique, rapprochant la marque des consommateurs. \u00a0 R\u00e9sultats :\u00a0Campagne institutionnelle \u00e0 forte valeur p\u00e9dagogique qui a am\u00e9lior\u00e9 la perception de [&hellip;]<\/p>\n","protected":false},"author":1,"featured_media":0,"parent":3735,"menu_order":0,"comment_status":"closed","ping_status":"closed","template":"","meta":{"footnotes":""},"class_list":["post-4281","page","type-page","status-publish","hentry"],"yoast_head":"<!-- This site is optimized with the Yoast SEO plugin v27.3 - https:\/\/yoast.com\/product\/yoast-seo-wordpress\/ -->\n<title>Monopoly Galp - Hasbro Tailor Made<\/title>\n<meta name=\"description\" content=\"\u00c9dition personalis\u00e9e du Monopoly adapt\u00e9e \u00e0 l&#039;univers des stations-service Galp au Portugal.\" \/>\n<meta name=\"robots\" content=\"index, follow, max-snippet:-1, max-image-preview:large, max-video-preview:-1\" \/>\n<link rel=\"canonical\" href=\"https:\/\/hasbrotailormade.com\/fr\/etudes-de-cas\/monopoly-galp\/\" \/>\n<meta property=\"og:locale\" content=\"fr_FR\" \/>\n<meta property=\"og:type\" content=\"article\" \/>\n<meta property=\"og:title\" content=\"Monopoly Galp - Hasbro Tailor Made\" \/>\n<meta property=\"og:description\" content=\"\u00c9dition personalis\u00e9e du Monopoly adapt\u00e9e \u00e0 l&#039;univers des stations-service Galp au Portugal.\" \/>\n<meta property=\"og:url\" content=\"https:\/\/hasbrotailormade.com\/fr\/etudes-de-cas\/monopoly-galp\/\" \/>\n<meta property=\"og:site_name\" content=\"Hasbro Tailor Made\" \/>\n<meta property=\"article:modified_time\" content=\"2025-12-09T09:56:42+00:00\" \/>\n<meta property=\"og:image\" content=\"https:\/\/hasbrotailormade.com\/wp-content\/uploads\/2025\/12\/monopoly.png\" \/>\n<meta name=\"twitter:card\" content=\"summary_large_image\" \/>\n<meta name=\"twitter:label1\" content=\"Dur\u00e9e de lecture estim\u00e9e\" \/>\n\t<meta name=\"twitter:data1\" content=\"1 minute\" \/>\n<script type=\"application\/ld+json\" class=\"yoast-schema-graph\">{\"@context\":\"https:\\\/\\\/schema.org\",\"@graph\":[{\"@type\":\"WebPage\",\"@id\":\"https:\\\/\\\/hasbrotailormade.com\\\/fr\\\/etudes-de-cas\\\/monopoly-galp\\\/\",\"url\":\"https:\\\/\\\/hasbrotailormade.com\\\/fr\\\/etudes-de-cas\\\/monopoly-galp\\\/\",\"name\":\"Monopoly Galp - Hasbro Tailor Made\",\"isPartOf\":{\"@id\":\"https:\\\/\\\/hasbrotailormade.com\\\/fr\\\/#website\"},\"primaryImageOfPage\":{\"@id\":\"https:\\\/\\\/hasbrotailormade.com\\\/fr\\\/etudes-de-cas\\\/monopoly-galp\\\/#primaryimage\"},\"image\":{\"@id\":\"https:\\\/\\\/hasbrotailormade.com\\\/fr\\\/etudes-de-cas\\\/monopoly-galp\\\/#primaryimage\"},\"thumbnailUrl\":\"https:\\\/\\\/hasbrotailormade.com\\\/wp-content\\\/uploads\\\/2025\\\/12\\\/monopoly.png\",\"datePublished\":\"2025-11-12T17:20:44+00:00\",\"dateModified\":\"2025-12-09T09:56:42+00:00\",\"description\":\"\u00c9dition personalis\u00e9e du Monopoly adapt\u00e9e \u00e0 l'univers des stations-service Galp au Portugal.\",\"breadcrumb\":{\"@id\":\"https:\\\/\\\/hasbrotailormade.com\\\/fr\\\/etudes-de-cas\\\/monopoly-galp\\\/#breadcrumb\"},\"inLanguage\":\"fr-FR\",\"potentialAction\":[{\"@type\":\"ReadAction\",\"target\":[\"https:\\\/\\\/hasbrotailormade.com\\\/fr\\\/etudes-de-cas\\\/monopoly-galp\\\/\"]}]},{\"@type\":\"ImageObject\",\"inLanguage\":\"fr-FR\",\"@id\":\"https:\\\/\\\/hasbrotailormade.com\\\/fr\\\/etudes-de-cas\\\/monopoly-galp\\\/#primaryimage\",\"url\":\"https:\\\/\\\/hasbrotailormade.com\\\/wp-content\\\/uploads\\\/2025\\\/12\\\/monopoly.png\",\"contentUrl\":\"https:\\\/\\\/hasbrotailormade.com\\\/wp-content\\\/uploads\\\/2025\\\/12\\\/monopoly.png\"},{\"@type\":\"BreadcrumbList\",\"@id\":\"https:\\\/\\\/hasbrotailormade.com\\\/fr\\\/etudes-de-cas\\\/monopoly-galp\\\/#breadcrumb\",\"itemListElement\":[{\"@type\":\"ListItem\",\"position\":1,\"name\":\"Inici\",\"item\":\"https:\\\/\\\/hasbrotailormade.com\\\/fr\\\/\"},{\"@type\":\"ListItem\",\"position\":2,\"name\":\"\u00c9tudes de cas\",\"item\":\"https:\\\/\\\/hasbrotailormade.com\\\/fr\\\/casi-di-studio\\\/\"},{\"@type\":\"ListItem\",\"position\":3,\"name\":\"Monopoly Galp\"}]},{\"@type\":\"WebSite\",\"@id\":\"https:\\\/\\\/hasbrotailormade.com\\\/fr\\\/#website\",\"url\":\"https:\\\/\\\/hasbrotailormade.com\\\/fr\\\/\",\"name\":\"Hasbro Tailor Made\",\"description\":\"Los mejores juegos de mesa personalizados con tu marca.\",\"publisher\":{\"@id\":\"https:\\\/\\\/hasbrotailormade.com\\\/fr\\\/#organization\"},\"potentialAction\":[{\"@type\":\"SearchAction\",\"target\":{\"@type\":\"EntryPoint\",\"urlTemplate\":\"https:\\\/\\\/hasbrotailormade.com\\\/fr\\\/?s={search_term_string}\"},\"query-input\":{\"@type\":\"PropertyValueSpecification\",\"valueRequired\":true,\"valueName\":\"search_term_string\"}}],\"inLanguage\":\"fr-FR\"},{\"@type\":\"Organization\",\"@id\":\"https:\\\/\\\/hasbrotailormade.com\\\/fr\\\/#organization\",\"name\":\"Hasbro Tailor Made\",\"url\":\"https:\\\/\\\/hasbrotailormade.com\\\/fr\\\/\",\"logo\":{\"@type\":\"ImageObject\",\"inLanguage\":\"fr-FR\",\"@id\":\"https:\\\/\\\/hasbrotailormade.com\\\/fr\\\/#\\\/schema\\\/logo\\\/image\\\/\",\"url\":\"https:\\\/\\\/hasbrotailormade.com\\\/wp-content\\\/uploads\\\/2025\\\/01\\\/cropped-hasbrotailormade-logo.png\",\"contentUrl\":\"https:\\\/\\\/hasbrotailormade.com\\\/wp-content\\\/uploads\\\/2025\\\/01\\\/cropped-hasbrotailormade-logo.png\",\"width\":260,\"height\":270,\"caption\":\"Hasbro Tailor Made\"},\"image\":{\"@id\":\"https:\\\/\\\/hasbrotailormade.com\\\/fr\\\/#\\\/schema\\\/logo\\\/image\\\/\"}}]}<\/script>\n<!-- \/ Yoast SEO plugin. -->","yoast_head_json":{"title":"Monopoly Galp - Hasbro Tailor Made","description":"\u00c9dition personalis\u00e9e du Monopoly adapt\u00e9e \u00e0 l'univers des stations-service Galp au Portugal.","robots":{"index":"index","follow":"follow","max-snippet":"max-snippet:-1","max-image-preview":"max-image-preview:large","max-video-preview":"max-video-preview:-1"},"canonical":"https:\/\/hasbrotailormade.com\/fr\/etudes-de-cas\/monopoly-galp\/","og_locale":"fr_FR","og_type":"article","og_title":"Monopoly Galp - Hasbro Tailor Made","og_description":"\u00c9dition personalis\u00e9e du Monopoly adapt\u00e9e \u00e0 l'univers des stations-service Galp au Portugal.","og_url":"https:\/\/hasbrotailormade.com\/fr\/etudes-de-cas\/monopoly-galp\/","og_site_name":"Hasbro Tailor Made","article_modified_time":"2025-12-09T09:56:42+00:00","og_image":[{"url":"https:\/\/hasbrotailormade.com\/wp-content\/uploads\/2025\/12\/monopoly.png","type":"","width":"","height":""}],"twitter_card":"summary_large_image","twitter_misc":{"Dur\u00e9e de lecture estim\u00e9e":"1 minute"},"schema":{"@context":"https:\/\/schema.org","@graph":[{"@type":"WebPage","@id":"https:\/\/hasbrotailormade.com\/fr\/etudes-de-cas\/monopoly-galp\/","url":"https:\/\/hasbrotailormade.com\/fr\/etudes-de-cas\/monopoly-galp\/","name":"Monopoly Galp - Hasbro Tailor Made","isPartOf":{"@id":"https:\/\/hasbrotailormade.com\/fr\/#website"},"primaryImageOfPage":{"@id":"https:\/\/hasbrotailormade.com\/fr\/etudes-de-cas\/monopoly-galp\/#primaryimage"},"image":{"@id":"https:\/\/hasbrotailormade.com\/fr\/etudes-de-cas\/monopoly-galp\/#primaryimage"},"thumbnailUrl":"https:\/\/hasbrotailormade.com\/wp-content\/uploads\/2025\/12\/monopoly.png","datePublished":"2025-11-12T17:20:44+00:00","dateModified":"2025-12-09T09:56:42+00:00","description":"\u00c9dition personalis\u00e9e du Monopoly adapt\u00e9e \u00e0 l'univers des stations-service Galp au Portugal.","breadcrumb":{"@id":"https:\/\/hasbrotailormade.com\/fr\/etudes-de-cas\/monopoly-galp\/#breadcrumb"},"inLanguage":"fr-FR","potentialAction":[{"@type":"ReadAction","target":["https:\/\/hasbrotailormade.com\/fr\/etudes-de-cas\/monopoly-galp\/"]}]},{"@type":"ImageObject","inLanguage":"fr-FR","@id":"https:\/\/hasbrotailormade.com\/fr\/etudes-de-cas\/monopoly-galp\/#primaryimage","url":"https:\/\/hasbrotailormade.com\/wp-content\/uploads\/2025\/12\/monopoly.png","contentUrl":"https:\/\/hasbrotailormade.com\/wp-content\/uploads\/2025\/12\/monopoly.png"},{"@type":"BreadcrumbList","@id":"https:\/\/hasbrotailormade.com\/fr\/etudes-de-cas\/monopoly-galp\/#breadcrumb","itemListElement":[{"@type":"ListItem","position":1,"name":"Inici","item":"https:\/\/hasbrotailormade.com\/fr\/"},{"@type":"ListItem","position":2,"name":"\u00c9tudes de cas","item":"https:\/\/hasbrotailormade.com\/fr\/casi-di-studio\/"},{"@type":"ListItem","position":3,"name":"Monopoly Galp"}]},{"@type":"WebSite","@id":"https:\/\/hasbrotailormade.com\/fr\/#website","url":"https:\/\/hasbrotailormade.com\/fr\/","name":"Hasbro Tailor Made","description":"Los mejores juegos de mesa personalizados con tu marca.","publisher":{"@id":"https:\/\/hasbrotailormade.com\/fr\/#organization"},"potentialAction":[{"@type":"SearchAction","target":{"@type":"EntryPoint","urlTemplate":"https:\/\/hasbrotailormade.com\/fr\/?s={search_term_string}"},"query-input":{"@type":"PropertyValueSpecification","valueRequired":true,"valueName":"search_term_string"}}],"inLanguage":"fr-FR"},{"@type":"Organization","@id":"https:\/\/hasbrotailormade.com\/fr\/#organization","name":"Hasbro Tailor Made","url":"https:\/\/hasbrotailormade.com\/fr\/","logo":{"@type":"ImageObject","inLanguage":"fr-FR","@id":"https:\/\/hasbrotailormade.com\/fr\/#\/schema\/logo\/image\/","url":"https:\/\/hasbrotailormade.com\/wp-content\/uploads\/2025\/01\/cropped-hasbrotailormade-logo.png","contentUrl":"https:\/\/hasbrotailormade.com\/wp-content\/uploads\/2025\/01\/cropped-hasbrotailormade-logo.png","width":260,"height":270,"caption":"Hasbro Tailor Made"},"image":{"@id":"https:\/\/hasbrotailormade.com\/fr\/#\/schema\/logo\/image\/"}}]}},"_links":{"self":[{"href":"https:\/\/hasbrotailormade.com\/fr\/wp-json\/wp\/v2\/pages\/4281","targetHints":{"allow":["GET"]}}],"collection":[{"href":"https:\/\/hasbrotailormade.com\/fr\/wp-json\/wp\/v2\/pages"}],"about":[{"href":"https:\/\/hasbrotailormade.com\/fr\/wp-json\/wp\/v2\/types\/page"}],"author":[{"embeddable":true,"href":"https:\/\/hasbrotailormade.com\/fr\/wp-json\/wp\/v2\/users\/1"}],"replies":[{"embeddable":true,"href":"https:\/\/hasbrotailormade.com\/fr\/wp-json\/wp\/v2\/comments?post=4281"}],"version-history":[{"count":0,"href":"https:\/\/hasbrotailormade.com\/fr\/wp-json\/wp\/v2\/pages\/4281\/revisions"}],"up":[{"embeddable":true,"href":"https:\/\/hasbrotailormade.com\/fr\/wp-json\/wp\/v2\/pages\/3735"}],"wp:attachment":[{"href":"https:\/\/hasbrotailormade.com\/fr\/wp-json\/wp\/v2\/media?parent=4281"}],"curies":[{"name":"wp","href":"https:\/\/api.w.org\/{rel}","templated":true}]}}