{"id":4643,"date":"2025-01-30T11:02:30","date_gmt":"2025-01-30T09:02:30","guid":{"rendered":"https:\/\/hasbrotailormade.com\/politica-de-cookies\/"},"modified":"2025-12-09T12:23:34","modified_gmt":"2025-12-09T10:23:34","slug":"politique-en-matiere-de-cookies","status":"publish","type":"page","link":"https:\/\/hasbrotailormade.com\/fr\/politique-en-matiere-de-cookies\/","title":{"rendered":"Politique en mati\u00e8re de cookies"},"content":{"rendered":"\t\t<div data-elementor-type=\"wp-page\" data-elementor-id=\"4643\" class=\"elementor elementor-4643 elementor-1935\" data-elementor-post-type=\"page\">\n\t\t\t\t\t\t<section class=\"elementor-section elementor-top-section elementor-element elementor-element-1057ba3 elementor-section-height-min-height elementor-hidden-mobile fonsmou elementor-section-boxed elementor-section-height-default elementor-section-items-middle\" data-id=\"1057ba3\" data-element_type=\"section\" data-e-type=\"section\" data-settings=\"{&quot;background_background&quot;:&quot;classic&quot;,&quot;shape_divider_bottom&quot;:&quot;curve&quot;}\">\n\t\t\t\t\t<div class=\"elementor-shape elementor-shape-bottom\" aria-hidden=\"true\" data-negative=\"false\">\n\t\t\t<svg xmlns=\"http:\/\/www.w3.org\/2000\/svg\" viewBox=\"0 0 1000 100\" preserveAspectRatio=\"none\">\n    <path class=\"elementor-shape-fill\" d=\"M1000,4.3V0H0v4.3C0.9,23.1,126.7,99.2,500,100S1000,22.7,1000,4.3z\"\/>\n<\/svg>\t\t<\/div>\n\t\t\t\t\t<div class=\"elementor-container elementor-column-gap-default\">\n\t\t\t\t\t<div class=\"elementor-column elementor-col-50 elementor-top-column elementor-element elementor-element-71932d4b\" data-id=\"71932d4b\" data-element_type=\"column\" data-e-type=\"column\">\n\t\t\t<div class=\"elementor-widget-wrap\">\n\t\t\t\t\t\t\t<\/div>\n\t\t<\/div>\n\t\t\t\t<div class=\"elementor-column elementor-col-50 elementor-top-column elementor-element elementor-element-38495cb2\" data-id=\"38495cb2\" data-element_type=\"column\" data-e-type=\"column\">\n\t\t\t<div class=\"elementor-widget-wrap elementor-element-populated\">\n\t\t\t\t\t\t<div class=\"elementor-element elementor-element-4a9cdad4 elementor-invisible elementor-widget elementor-widget-heading\" data-id=\"4a9cdad4\" data-element_type=\"widget\" data-e-type=\"widget\" data-settings=\"{&quot;_animation&quot;:&quot;fadeIn&quot;}\" data-widget_type=\"heading.default\">\n\t\t\t\t<div class=\"elementor-widget-container\">\n\t\t\t\t\t<h1 class=\"elementor-heading-title elementor-size-default\">Politique en mati\u00e8re de cookies<\/h1>\t\t\t\t<\/div>\n\t\t\t\t<\/div>\n\t\t\t\t\t<\/div>\n\t\t<\/div>\n\t\t\t\t\t<\/div>\n\t\t<\/section>\n\t\t\t\t<section class=\"elementor-section elementor-top-section elementor-element elementor-element-373de690 elementor-section-height-min-height elementor-hidden-desktop elementor-hidden-tablet elementor-section-boxed elementor-section-height-default elementor-section-items-middle\" data-id=\"373de690\" data-element_type=\"section\" data-e-type=\"section\" data-settings=\"{&quot;background_background&quot;:&quot;classic&quot;,&quot;shape_divider_bottom&quot;:&quot;curve&quot;}\">\n\t\t\t\t\t<div class=\"elementor-shape elementor-shape-bottom\" aria-hidden=\"true\" data-negative=\"false\">\n\t\t\t<svg xmlns=\"http:\/\/www.w3.org\/2000\/svg\" viewBox=\"0 0 1000 100\" preserveAspectRatio=\"none\">\n    <path class=\"elementor-shape-fill\" d=\"M1000,4.3V0H0v4.3C0.9,23.1,126.7,99.2,500,100S1000,22.7,1000,4.3z\"\/>\n<\/svg>\t\t<\/div>\n\t\t\t\t\t<div class=\"elementor-container elementor-column-gap-default\">\n\t\t\t\t\t<div class=\"elementor-column elementor-col-100 elementor-top-column elementor-element elementor-element-4b1a81ac\" data-id=\"4b1a81ac\" data-element_type=\"column\" data-e-type=\"column\">\n\t\t\t<div class=\"elementor-widget-wrap\">\n\t\t\t\t\t\t\t<\/div>\n\t\t<\/div>\n\t\t\t\t\t<\/div>\n\t\t<\/section>\n\t\t\t\t<section class=\"elementor-section elementor-top-section elementor-element elementor-element-63266b81 elementor-section-height-min-height elementor-hidden-desktop elementor-hidden-tablet elementor-section-boxed elementor-section-height-default elementor-section-items-middle\" data-id=\"63266b81\" data-element_type=\"section\" data-e-type=\"section\" data-settings=\"{&quot;background_background&quot;:&quot;classic&quot;}\">\n\t\t\t\t\t\t<div class=\"elementor-container elementor-column-gap-default\">\n\t\t\t\t\t<div class=\"elementor-column elementor-col-100 elementor-top-column elementor-element elementor-element-74cdb07\" data-id=\"74cdb07\" data-element_type=\"column\" data-e-type=\"column\">\n\t\t\t<div class=\"elementor-widget-wrap elementor-element-populated\">\n\t\t\t\t\t\t<div class=\"elementor-element elementor-element-127db545 elementor-invisible elementor-widget elementor-widget-heading\" data-id=\"127db545\" data-element_type=\"widget\" data-e-type=\"widget\" data-settings=\"{&quot;_animation&quot;:&quot;fadeIn&quot;}\" data-widget_type=\"heading.default\">\n\t\t\t\t<div class=\"elementor-widget-container\">\n\t\t\t\t\t<h1 class=\"elementor-heading-title elementor-size-default\">Politique en mati\u00e8re de cookies<\/h1>\t\t\t\t<\/div>\n\t\t\t\t<\/div>\n\t\t\t\t\t<\/div>\n\t\t<\/div>\n\t\t\t\t\t<\/div>\n\t\t<\/section>\n\t\t\t\t<section class=\"elementor-section elementor-top-section elementor-element elementor-element-a475204 elementor-section-boxed elementor-section-height-default elementor-section-height-default\" data-id=\"a475204\" data-element_type=\"section\" data-e-type=\"section\">\n\t\t\t\t\t\t<div class=\"elementor-container elementor-column-gap-default\">\n\t\t\t\t\t<div class=\"elementor-column elementor-col-100 elementor-top-column elementor-element elementor-element-43f58ca\" data-id=\"43f58ca\" data-element_type=\"column\" data-e-type=\"column\">\n\t\t\t<div class=\"elementor-widget-wrap elementor-element-populated\">\n\t\t\t\t\t\t<div class=\"elementor-element elementor-element-54a4b2a elementor-widget elementor-widget-text-editor\" data-id=\"54a4b2a\" data-element_type=\"widget\" data-e-type=\"widget\" data-widget_type=\"text-editor.default\">\n\t\t\t\t<div class=\"elementor-widget-container\">\n\t\t\t\t\t\t\t\t\t<h4>Que sont les cookies et pourquoi les utilisons-nous sur les sites web de Bonus Marketing Productions ?<\/h4>\n<p>Un cookie est un fichier qui est t\u00e9l\u00e9charg\u00e9 sur l&rsquo;appareil de l&rsquo;utilisateur lorsqu&rsquo;il acc\u00e8de \u00e0 certaines pages web afin de stocker et de r\u00e9cup\u00e9rer des informations sur la navigation qui est faite de cet ordinateur.<br><br><\/p>\n<p>Les cookies permettent au site web, entre autres, de stocker et de r\u00e9cup\u00e9rer des informations sur les d\u00e9cisions et les habitudes de l&rsquo;utilisateur. Chez Bonus Marketing Productions, nous les utilisons pour personnaliser l&rsquo;exp\u00e9rience sur nos sites web, identifier et m\u00e9moriser l&rsquo;utilisateur enregistr\u00e9 et faciliter la navigation.<br><br><\/p>\n<p>Il est important de noter que l&rsquo;utilisation de cookies ne fournit pas de donn\u00e9es personnelles sur l&rsquo;utilisateur, qui reste anonyme pour Bonus Marketing Productions.<br><br><\/p>\n<p>L&rsquo;utilisateur peut configurer son navigateur pour ne pas accepter l&rsquo;utilisation de cookies, auquel cas la personnalisation de l&rsquo;exp\u00e9rience ne serait pas appliqu\u00e9e, bien qu&rsquo;il puisse toujours acc\u00e9der normalement aux contenus de nos sites web.<\/p>\n<p>Vous trouverez plus d&rsquo;informations sur ce que sont les cookies et comment ils fonctionnent sur la page Wikipedia (http:\/\/es.wikipedia.org\/wiki\/Cookie_(computing)).<\/p>\n<h4>Quel type de cookies les sites web de Bonus Marketing Productions utilisent-ils ?<\/h4>\n<p>Les cookies, en fonction de leur permanence, peuvent \u00eatre divis\u00e9s en cookies de session ou permanents. Les premiers expirent lorsque l&rsquo;utilisateur ferme le navigateur. Ces derniers expirent lorsque le but pour lequel ils sont utilis\u00e9s est atteint (par exemple, pour que l&rsquo;utilisateur reste identifi\u00e9 sur les sites et services de Bonus Marketing Productions) ou lorsqu&rsquo;ils sont supprim\u00e9s manuellement.<br><br><\/p>\n<p>En outre, en fonction de leur objectif, les cookies peuvent \u00eatre class\u00e9s comme suit :<\/p>\n<p><strong><br>Cookies techniques :<\/strong> les Cookies techniques sont des cookies propres et temporaires qui, dans ce cas pr\u00e9cis, permettent au navigateur de se souvenir de certains aspects tels que la langue de visite du site web, ainsi que la visibilit\u00e9 de la barre de cookies, selon que les conditions ont \u00e9t\u00e9 accept\u00e9es ou non.<\/p>\n<p><strong><br>Cookies d&rsquo;inscription :<\/strong> Les cookies d&rsquo;inscription sont des cookies temporaires g\u00e9n\u00e9r\u00e9s une fois que l&rsquo;Utilisateur s&rsquo;est inscrit ou a ouvert ult\u00e9rieurement sa session, et sont utilis\u00e9s pour l&rsquo;identifier sur les sites web et les services avec les objectifs suivants :<\/p>\n<p><\/p>\n<ul>\n<li>Conserver l&rsquo;identification de l&rsquo;utilisateur afin que, s&rsquo;il ferme un service ou un site web, le navigateur ou l&rsquo;ordinateur et qu&rsquo;\u00e0 un autre moment ou un autre jour il r\u00e9int\u00e8gre ledit service ou site web, il continue \u00e0 \u00eatre identifi\u00e9, facilitant ainsi sa navigation sans devoir s&rsquo;identifier \u00e0 nouveau. Cette fonctionnalit\u00e9 peut \u00eatre supprim\u00e9e si l&rsquo;utilisateur clique sur la fonction \u00ab\u00a0Quitter\u00a0\u00bb, de sorte que ce cookie est supprim\u00e9 et que la prochaine fois que l&rsquo;utilisateur acc\u00e8de au site web, il devra se connecter pour \u00eatre identifi\u00e9.<\/li>\n<li>V\u00e9rifier si l&rsquo;utilisateur est autoris\u00e9 \u00e0 acc\u00e9der \u00e0 certains services, par exemple pour participer \u00e0 un concours.\n<\/li>\n<\/ul>\n<p><strong><br>Cookies analytiques :<\/strong> chaque fois qu&rsquo;un utilisateur visite un site web ou un service, un outil d&rsquo;un fournisseur externe (Google Analytics et similaire) g\u00e9n\u00e8re un cookie analytique temporaire, qui peut \u00eatre le sien ou celui de tiers, sur l&rsquo;appareil de l&rsquo;utilisateur.<\/p>\n<p>Ce cookie, qui n&rsquo;est g\u00e9n\u00e9r\u00e9 que pendant la visite, sera utilis\u00e9 lors de visites ult\u00e9rieures des services de Bonus Marketing Productions pour identifier le visiteur de mani\u00e8re anonyme. Les principaux objectifs poursuivis sont :<\/p>\n<p><\/p>\n<ul>\n<li>Permettre l&rsquo;identification anonyme des utilisateurs qui naviguent \u00e0 travers le \u00ab\u00a0Cookie\u00a0\u00bb (identifie les navigateurs et les dispositifs, pas les personnes) et donc le comptage approximatif du nombre de visiteurs et leur \u00e9volution dans le temps.<\/li>\n<li>Identifier anonymement le contenu le plus visit\u00e9 et donc plus attractif pour les utilisateurs.<\/li>\n<li>Savoir si l&rsquo;utilisateur qui acc\u00e8de au site est un nouveau visiteur ou un visiteur r\u00e9current.<br><br><\/li>\n<\/ul>\n<p><strong>Important :<\/strong> \u00e0 moins que l&rsquo;utilisateur ne d\u00e9cide de s&rsquo;inscrire sur un site web de Bonus Marketing Productions, le cookie ne sera jamais associ\u00e9 \u00e0 des donn\u00e9es personnelles susceptibles d&rsquo;identifier l&rsquo;utilisateur. Ces cookies ne seront utilis\u00e9s qu&rsquo;\u00e0 des fins statistiques pour aider \u00e0 optimiser l&rsquo;exp\u00e9rience de l&rsquo;utilisateur sur le site.<br><br><\/p>\n<p><strong>Autres cookies Google :<\/strong> Google utilise d&rsquo;autres cookies tiers pour permettre le fonctionnement des modules Google Maps et, \u00e9ventuellement, Google Agenda.<\/p>\n<p>Tout ce qui concerne les cookies Google, qu&rsquo;ils soient de type analytique ou autre, ainsi que leur gestion et leur configuration, peut \u00eatre consult\u00e9 \u00e0 l&rsquo;adresse suivante :<\/p>\n<p>Comment d\u00e9sactiver les cookies dans votre navigateur<\/p>\n<p>La plupart des navigateurs permettent d\u00e9sormais aux utilisateurs de configurer s&rsquo;ils acceptent les cookies et de choisir lesquels. Ces param\u00e8tres se trouvent g\u00e9n\u00e9ralement dans le menu \u00ab\u00a0Options\u00a0\u00bb ou \u00ab\u00a0Pr\u00e9f\u00e9rences\u00a0\u00bb de votre navigateur.<br><br><\/p>\n<p><strong>Voici les instructions pour configurer les cookies dans les principaux navigateurs :<br><br><\/strong><\/p>\n<p>Google Chrome : Param\u00e8tres -&gt; Afficher les options avanc\u00e9es -&gt; Confidentialit\u00e9 -&gt; Param\u00e8tres de contenu. Pour plus d&rsquo;informations, vous pouvez consulter le support Google ou l&rsquo;aide du navigateur.<br>Mozilla Firefox : Outils -&gt; Options -&gt; Confidentialit\u00e9 -&gt; Historique -&gt; Param\u00e8tres personnalis\u00e9s. Pour plus d&rsquo;informations, vous pouvez consulter l&rsquo;assistance Mozilla ou l&rsquo;aide du navigateur.<br>Internet Explorer : Outils -&gt; Options Internet -&gt; Confidentialit\u00e9 -&gt; Param\u00e8tres. Pour plus d&rsquo;informations, vous pouvez consulter le support Microsoft ou l&rsquo;aide du navigateur.<br>Apple Safari : Pr\u00e9f\u00e9rences -&gt; S\u00e9curit\u00e9. Pour plus d&rsquo;informations, vous pouvez consulter l&rsquo;assistance Apple ou l&rsquo;aide du navigateur.<br>Si vous choisissez de d\u00e9sactiver les cookies, nous ne serons pas en mesure de vous offrir certaines des fonctionnalit\u00e9s du site web.<br><br><\/p>\n<p><strong>Mise \u00e0 jour des cookies<\/strong><br>Les cookies de Bonus Marketing Productions peuvent \u00eatre mis \u00e0 jour, nous vous conseillons donc de revoir notre politique p\u00e9riodiquement.<\/p>\n<p><\/p>\t\t\t\t\t\t\t\t<\/div>\n\t\t\t\t<\/div>\n\t\t\t\t\t<\/div>\n\t\t<\/div>\n\t\t\t\t\t<\/div>\n\t\t<\/section>\n\t\t\t\t<\/div>\n\t\t","protected":false},"excerpt":{"rendered":"<p>Politique en mati\u00e8re de cookies Politique en mati\u00e8re de cookies Que sont les cookies et pourquoi les utilisons-nous sur les sites web de Bonus Marketing Productions ? Un cookie est un fichier qui est t\u00e9l\u00e9charg\u00e9 sur l&rsquo;appareil de l&rsquo;utilisateur lorsqu&rsquo;il acc\u00e8de \u00e0 certaines pages web afin de stocker et de r\u00e9cup\u00e9rer des informations sur la [&hellip;]<\/p>\n","protected":false},"author":1,"featured_media":0,"parent":0,"menu_order":0,"comment_status":"closed","ping_status":"closed","template":"","meta":{"footnotes":""},"class_list":["post-4643","page","type-page","status-publish","hentry"],"yoast_head":"<!-- This site is optimized with the Yoast SEO plugin v27.3 - https:\/\/yoast.com\/product\/yoast-seo-wordpress\/ -->\n<title>Politique en mati\u00e8re de cookies - Hasbro Tailor Made<\/title>\n<meta name=\"description\" content=\"Page de la politique de cookies du site Hasbro Tailor Made by Bonus.\" \/>\n<meta name=\"robots\" content=\"index, follow, max-snippet:-1, max-image-preview:large, max-video-preview:-1\" \/>\n<link rel=\"canonical\" href=\"https:\/\/hasbrotailormade.com\/fr\/politique-en-matiere-de-cookies\/\" \/>\n<meta property=\"og:locale\" content=\"fr_FR\" \/>\n<meta property=\"og:type\" content=\"article\" \/>\n<meta property=\"og:title\" content=\"Politique en mati\u00e8re de cookies - Hasbro Tailor Made\" \/>\n<meta property=\"og:description\" content=\"Page de la politique de cookies du site Hasbro Tailor Made by Bonus.\" \/>\n<meta property=\"og:url\" content=\"https:\/\/hasbrotailormade.com\/fr\/politique-en-matiere-de-cookies\/\" \/>\n<meta property=\"og:site_name\" content=\"Hasbro Tailor Made\" \/>\n<meta property=\"article:modified_time\" content=\"2025-12-09T10:23:34+00:00\" \/>\n<meta property=\"og:image\" content=\"https:\/\/hasbrotailormade.com\/wp-content\/uploads\/2025\/01\/TRZ_V2_HSBRO_TAILOR-MADE.png\" \/>\n\t<meta property=\"og:image:width\" content=\"445\" \/>\n\t<meta property=\"og:image:height\" content=\"445\" \/>\n\t<meta property=\"og:image:type\" content=\"image\/png\" \/>\n<meta name=\"twitter:card\" content=\"summary_large_image\" \/>\n<meta name=\"twitter:label1\" content=\"Dur\u00e9e de lecture estim\u00e9e\" \/>\n\t<meta name=\"twitter:data1\" content=\"4 minutes\" \/>\n<script type=\"application\/ld+json\" class=\"yoast-schema-graph\">{\"@context\":\"https:\\\/\\\/schema.org\",\"@graph\":[{\"@type\":\"WebPage\",\"@id\":\"https:\\\/\\\/hasbrotailormade.com\\\/fr\\\/politique-en-matiere-de-cookies\\\/\",\"url\":\"https:\\\/\\\/hasbrotailormade.com\\\/fr\\\/politique-en-matiere-de-cookies\\\/\",\"name\":\"Politique en mati\u00e8re de cookies - Hasbro Tailor Made\",\"isPartOf\":{\"@id\":\"https:\\\/\\\/hasbrotailormade.com\\\/fr\\\/#website\"},\"datePublished\":\"2025-01-30T09:02:30+00:00\",\"dateModified\":\"2025-12-09T10:23:34+00:00\",\"description\":\"Page de la politique de cookies du site Hasbro Tailor Made by Bonus.\",\"breadcrumb\":{\"@id\":\"https:\\\/\\\/hasbrotailormade.com\\\/fr\\\/politique-en-matiere-de-cookies\\\/#breadcrumb\"},\"inLanguage\":\"fr-FR\",\"potentialAction\":[{\"@type\":\"ReadAction\",\"target\":[\"https:\\\/\\\/hasbrotailormade.com\\\/fr\\\/politique-en-matiere-de-cookies\\\/\"]}]},{\"@type\":\"BreadcrumbList\",\"@id\":\"https:\\\/\\\/hasbrotailormade.com\\\/fr\\\/politique-en-matiere-de-cookies\\\/#breadcrumb\",\"itemListElement\":[{\"@type\":\"ListItem\",\"position\":1,\"name\":\"Inici\",\"item\":\"https:\\\/\\\/hasbrotailormade.com\\\/fr\\\/\"},{\"@type\":\"ListItem\",\"position\":2,\"name\":\"Politique en mati\u00e8re de cookies\"}]},{\"@type\":\"WebSite\",\"@id\":\"https:\\\/\\\/hasbrotailormade.com\\\/fr\\\/#website\",\"url\":\"https:\\\/\\\/hasbrotailormade.com\\\/fr\\\/\",\"name\":\"Hasbro Tailor Made\",\"description\":\"Los mejores juegos de mesa personalizados con tu marca.\",\"publisher\":{\"@id\":\"https:\\\/\\\/hasbrotailormade.com\\\/fr\\\/#organization\"},\"potentialAction\":[{\"@type\":\"SearchAction\",\"target\":{\"@type\":\"EntryPoint\",\"urlTemplate\":\"https:\\\/\\\/hasbrotailormade.com\\\/fr\\\/?s={search_term_string}\"},\"query-input\":{\"@type\":\"PropertyValueSpecification\",\"valueRequired\":true,\"valueName\":\"search_term_string\"}}],\"inLanguage\":\"fr-FR\"},{\"@type\":\"Organization\",\"@id\":\"https:\\\/\\\/hasbrotailormade.com\\\/fr\\\/#organization\",\"name\":\"Hasbro Tailor Made\",\"url\":\"https:\\\/\\\/hasbrotailormade.com\\\/fr\\\/\",\"logo\":{\"@type\":\"ImageObject\",\"inLanguage\":\"fr-FR\",\"@id\":\"https:\\\/\\\/hasbrotailormade.com\\\/fr\\\/#\\\/schema\\\/logo\\\/image\\\/\",\"url\":\"https:\\\/\\\/hasbrotailormade.com\\\/wp-content\\\/uploads\\\/2025\\\/01\\\/cropped-hasbrotailormade-logo.png\",\"contentUrl\":\"https:\\\/\\\/hasbrotailormade.com\\\/wp-content\\\/uploads\\\/2025\\\/01\\\/cropped-hasbrotailormade-logo.png\",\"width\":260,\"height\":270,\"caption\":\"Hasbro Tailor Made\"},\"image\":{\"@id\":\"https:\\\/\\\/hasbrotailormade.com\\\/fr\\\/#\\\/schema\\\/logo\\\/image\\\/\"}}]}<\/script>\n<!-- \/ Yoast SEO plugin. -->","yoast_head_json":{"title":"Politique en mati\u00e8re de cookies - Hasbro Tailor Made","description":"Page de la politique de cookies du site Hasbro Tailor Made by Bonus.","robots":{"index":"index","follow":"follow","max-snippet":"max-snippet:-1","max-image-preview":"max-image-preview:large","max-video-preview":"max-video-preview:-1"},"canonical":"https:\/\/hasbrotailormade.com\/fr\/politique-en-matiere-de-cookies\/","og_locale":"fr_FR","og_type":"article","og_title":"Politique en mati\u00e8re de cookies - Hasbro Tailor Made","og_description":"Page de la politique de cookies du site Hasbro Tailor Made by Bonus.","og_url":"https:\/\/hasbrotailormade.com\/fr\/politique-en-matiere-de-cookies\/","og_site_name":"Hasbro Tailor Made","article_modified_time":"2025-12-09T10:23:34+00:00","og_image":[{"width":445,"height":445,"url":"https:\/\/hasbrotailormade.com\/wp-content\/uploads\/2025\/01\/TRZ_V2_HSBRO_TAILOR-MADE.png","type":"image\/png"}],"twitter_card":"summary_large_image","twitter_misc":{"Dur\u00e9e de lecture estim\u00e9e":"4 minutes"},"schema":{"@context":"https:\/\/schema.org","@graph":[{"@type":"WebPage","@id":"https:\/\/hasbrotailormade.com\/fr\/politique-en-matiere-de-cookies\/","url":"https:\/\/hasbrotailormade.com\/fr\/politique-en-matiere-de-cookies\/","name":"Politique en mati\u00e8re de cookies - Hasbro Tailor Made","isPartOf":{"@id":"https:\/\/hasbrotailormade.com\/fr\/#website"},"datePublished":"2025-01-30T09:02:30+00:00","dateModified":"2025-12-09T10:23:34+00:00","description":"Page de la politique de cookies du site Hasbro Tailor Made by Bonus.","breadcrumb":{"@id":"https:\/\/hasbrotailormade.com\/fr\/politique-en-matiere-de-cookies\/#breadcrumb"},"inLanguage":"fr-FR","potentialAction":[{"@type":"ReadAction","target":["https:\/\/hasbrotailormade.com\/fr\/politique-en-matiere-de-cookies\/"]}]},{"@type":"BreadcrumbList","@id":"https:\/\/hasbrotailormade.com\/fr\/politique-en-matiere-de-cookies\/#breadcrumb","itemListElement":[{"@type":"ListItem","position":1,"name":"Inici","item":"https:\/\/hasbrotailormade.com\/fr\/"},{"@type":"ListItem","position":2,"name":"Politique en mati\u00e8re de cookies"}]},{"@type":"WebSite","@id":"https:\/\/hasbrotailormade.com\/fr\/#website","url":"https:\/\/hasbrotailormade.com\/fr\/","name":"Hasbro Tailor Made","description":"Los mejores juegos de mesa personalizados con tu marca.","publisher":{"@id":"https:\/\/hasbrotailormade.com\/fr\/#organization"},"potentialAction":[{"@type":"SearchAction","target":{"@type":"EntryPoint","urlTemplate":"https:\/\/hasbrotailormade.com\/fr\/?s={search_term_string}"},"query-input":{"@type":"PropertyValueSpecification","valueRequired":true,"valueName":"search_term_string"}}],"inLanguage":"fr-FR"},{"@type":"Organization","@id":"https:\/\/hasbrotailormade.com\/fr\/#organization","name":"Hasbro Tailor Made","url":"https:\/\/hasbrotailormade.com\/fr\/","logo":{"@type":"ImageObject","inLanguage":"fr-FR","@id":"https:\/\/hasbrotailormade.com\/fr\/#\/schema\/logo\/image\/","url":"https:\/\/hasbrotailormade.com\/wp-content\/uploads\/2025\/01\/cropped-hasbrotailormade-logo.png","contentUrl":"https:\/\/hasbrotailormade.com\/wp-content\/uploads\/2025\/01\/cropped-hasbrotailormade-logo.png","width":260,"height":270,"caption":"Hasbro Tailor Made"},"image":{"@id":"https:\/\/hasbrotailormade.com\/fr\/#\/schema\/logo\/image\/"}}]}},"_links":{"self":[{"href":"https:\/\/hasbrotailormade.com\/fr\/wp-json\/wp\/v2\/pages\/4643","targetHints":{"allow":["GET"]}}],"collection":[{"href":"https:\/\/hasbrotailormade.com\/fr\/wp-json\/wp\/v2\/pages"}],"about":[{"href":"https:\/\/hasbrotailormade.com\/fr\/wp-json\/wp\/v2\/types\/page"}],"author":[{"embeddable":true,"href":"https:\/\/hasbrotailormade.com\/fr\/wp-json\/wp\/v2\/users\/1"}],"replies":[{"embeddable":true,"href":"https:\/\/hasbrotailormade.com\/fr\/wp-json\/wp\/v2\/comments?post=4643"}],"version-history":[{"count":0,"href":"https:\/\/hasbrotailormade.com\/fr\/wp-json\/wp\/v2\/pages\/4643\/revisions"}],"wp:attachment":[{"href":"https:\/\/hasbrotailormade.com\/fr\/wp-json\/wp\/v2\/media?parent=4643"}],"curies":[{"name":"wp","href":"https:\/\/api.w.org\/{rel}","templated":true}]}}