{"id":4650,"date":"2025-01-30T10:53:43","date_gmt":"2025-01-30T08:53:43","guid":{"rendered":"https:\/\/hasbrotailormade.com\/aviso-legal\/"},"modified":"2025-12-09T10:34:04","modified_gmt":"2025-12-09T08:34:04","slug":"avviso-legale","status":"publish","type":"page","link":"https:\/\/hasbrotailormade.com\/it\/avviso-legale\/","title":{"rendered":"Avviso legale"},"content":{"rendered":"\t\t<div data-elementor-type=\"wp-page\" data-elementor-id=\"4650\" class=\"elementor elementor-4650 elementor-1907\" data-elementor-post-type=\"page\">\n\t\t\t\t\t\t<section class=\"elementor-section elementor-top-section elementor-element elementor-element-53b58ca9 elementor-section-height-min-height elementor-hidden-mobile fonsmou elementor-section-boxed elementor-section-height-default elementor-section-items-middle\" data-id=\"53b58ca9\" data-element_type=\"section\" data-e-type=\"section\" data-settings=\"{&quot;background_background&quot;:&quot;classic&quot;,&quot;shape_divider_bottom&quot;:&quot;curve&quot;}\">\n\t\t\t\t\t<div class=\"elementor-shape elementor-shape-bottom\" aria-hidden=\"true\" data-negative=\"false\">\n\t\t\t<svg xmlns=\"http:\/\/www.w3.org\/2000\/svg\" viewBox=\"0 0 1000 100\" preserveAspectRatio=\"none\">\n    <path class=\"elementor-shape-fill\" d=\"M1000,4.3V0H0v4.3C0.9,23.1,126.7,99.2,500,100S1000,22.7,1000,4.3z\"\/>\n<\/svg>\t\t<\/div>\n\t\t\t\t\t<div class=\"elementor-container elementor-column-gap-default\">\n\t\t\t\t\t<div class=\"elementor-column elementor-col-50 elementor-top-column elementor-element elementor-element-564fd596\" data-id=\"564fd596\" data-element_type=\"column\" data-e-type=\"column\">\n\t\t\t<div class=\"elementor-widget-wrap\">\n\t\t\t\t\t\t\t<\/div>\n\t\t<\/div>\n\t\t\t\t<div class=\"elementor-column elementor-col-50 elementor-top-column elementor-element elementor-element-35f2d320\" data-id=\"35f2d320\" data-element_type=\"column\" data-e-type=\"column\">\n\t\t\t<div class=\"elementor-widget-wrap elementor-element-populated\">\n\t\t\t\t\t\t<div class=\"elementor-element elementor-element-7a30d101 elementor-invisible elementor-widget elementor-widget-heading\" data-id=\"7a30d101\" data-element_type=\"widget\" data-e-type=\"widget\" data-settings=\"{&quot;_animation&quot;:&quot;fadeIn&quot;}\" data-widget_type=\"heading.default\">\n\t\t\t\t<div class=\"elementor-widget-container\">\n\t\t\t\t\t<h1 class=\"elementor-heading-title elementor-size-default\">Avviso legale<\/h1>\t\t\t\t<\/div>\n\t\t\t\t<\/div>\n\t\t\t\t\t<\/div>\n\t\t<\/div>\n\t\t\t\t\t<\/div>\n\t\t<\/section>\n\t\t\t\t<section class=\"elementor-section elementor-top-section elementor-element elementor-element-3bc24562 elementor-section-height-min-height elementor-hidden-desktop elementor-hidden-tablet elementor-section-boxed elementor-section-height-default elementor-section-items-middle\" data-id=\"3bc24562\" data-element_type=\"section\" data-e-type=\"section\" data-settings=\"{&quot;background_background&quot;:&quot;classic&quot;,&quot;shape_divider_bottom&quot;:&quot;curve&quot;}\">\n\t\t\t\t\t<div class=\"elementor-shape elementor-shape-bottom\" aria-hidden=\"true\" data-negative=\"false\">\n\t\t\t<svg xmlns=\"http:\/\/www.w3.org\/2000\/svg\" viewBox=\"0 0 1000 100\" preserveAspectRatio=\"none\">\n    <path class=\"elementor-shape-fill\" d=\"M1000,4.3V0H0v4.3C0.9,23.1,126.7,99.2,500,100S1000,22.7,1000,4.3z\"\/>\n<\/svg>\t\t<\/div>\n\t\t\t\t\t<div class=\"elementor-container elementor-column-gap-default\">\n\t\t\t\t\t<div class=\"elementor-column elementor-col-100 elementor-top-column elementor-element elementor-element-289291ee\" data-id=\"289291ee\" data-element_type=\"column\" data-e-type=\"column\">\n\t\t\t<div class=\"elementor-widget-wrap\">\n\t\t\t\t\t\t\t<\/div>\n\t\t<\/div>\n\t\t\t\t\t<\/div>\n\t\t<\/section>\n\t\t\t\t<section class=\"elementor-section elementor-top-section elementor-element elementor-element-168e3008 elementor-section-height-min-height elementor-hidden-desktop elementor-hidden-tablet elementor-section-boxed elementor-section-height-default elementor-section-items-middle\" data-id=\"168e3008\" data-element_type=\"section\" data-e-type=\"section\" data-settings=\"{&quot;background_background&quot;:&quot;classic&quot;}\">\n\t\t\t\t\t\t<div class=\"elementor-container elementor-column-gap-default\">\n\t\t\t\t\t<div class=\"elementor-column elementor-col-100 elementor-top-column elementor-element elementor-element-5771b888\" data-id=\"5771b888\" data-element_type=\"column\" data-e-type=\"column\">\n\t\t\t<div class=\"elementor-widget-wrap elementor-element-populated\">\n\t\t\t\t\t\t<div class=\"elementor-element elementor-element-4bfb7626 elementor-invisible elementor-widget elementor-widget-heading\" data-id=\"4bfb7626\" data-element_type=\"widget\" data-e-type=\"widget\" data-settings=\"{&quot;_animation&quot;:&quot;fadeIn&quot;}\" data-widget_type=\"heading.default\">\n\t\t\t\t<div class=\"elementor-widget-container\">\n\t\t\t\t\t<h1 class=\"elementor-heading-title elementor-size-default\">Avviso legale<\/h1>\t\t\t\t<\/div>\n\t\t\t\t<\/div>\n\t\t\t\t\t<\/div>\n\t\t<\/div>\n\t\t\t\t\t<\/div>\n\t\t<\/section>\n\t\t\t\t<section class=\"elementor-section elementor-top-section elementor-element elementor-element-2d412e9 elementor-section-boxed elementor-section-height-default elementor-section-height-default\" data-id=\"2d412e9\" data-element_type=\"section\" data-e-type=\"section\">\n\t\t\t\t\t\t<div class=\"elementor-container elementor-column-gap-default\">\n\t\t\t\t\t<div class=\"elementor-column elementor-col-100 elementor-top-column elementor-element elementor-element-a8c216d\" data-id=\"a8c216d\" data-element_type=\"column\" data-e-type=\"column\">\n\t\t\t<div class=\"elementor-widget-wrap elementor-element-populated\">\n\t\t\t\t\t\t<div class=\"elementor-element elementor-element-ca6d4f9 elementor-widget elementor-widget-text-editor\" data-id=\"ca6d4f9\" data-element_type=\"widget\" data-e-type=\"widget\" data-widget_type=\"text-editor.default\">\n\t\t\t\t<div class=\"elementor-widget-container\">\n\t\t\t\t\t\t\t\t\t<h4>1. Oggetto<\/h4><p>Il presente avviso legale regola l&#8217;uso e l&#8217;utilizzo del sito web\u00a0<a href=\"http:\/\/www.bonusmp.com\/\">www.bonusmp.com<\/a>\u00a0di propriet\u00e0 della BONUS MARKETING PRODUCTIONS, S.L. (di seguito, BONUS).<\/p><p>\u00a0<\/p><p>La navigazione del sito web BONUS attribuisce la condizione di UTENTE e comporta l&#8217;accettazione totale e senza riserve di tutte le condizioni pubblicate in questo avviso legale, con l&#8217;avvertenza che tali condizioni potrebbero essere modificate senza preavviso da parte di BONUS, nel qual caso sar\u00e0 pubblicata e notificata con il maggior anticipo possibile.<\/p><p>\u00a0<\/p><p>Per questo motivo, \u00e8 consigliabile leggere attentamente il contenuto se si desidera accedere e utilizzare le informazioni e i servizi offerti da questo sito web.<\/p><p>\u00a0<\/p><p>L&#8217;utente si impegna inoltre a fare un uso corretto del sito web in conformit\u00e0 con le leggi, la buona fede, l&#8217;ordine pubblico, le consuetudini di traffico e il presente Avviso Legale e risponder\u00e0 a BONUS o a terzi, in conformit\u00e0 con i danni che potrebbero derivare dalla violazione di tale obbligo.<\/p><p>\u00a0<\/p><p>Qualsiasi uso diverso da quello autorizzato \u00e8 espressamente vietato, e BONUS pu\u00f2 negare o ritirare l&#8217;accesso e l&#8217;uso in qualsiasi momento.<\/p><p>\u00a0<\/p><h4>\u00a0<\/h4><h4>2. ID<\/h4><p>BONUS, in conformit\u00e0 con la Legge 34\/2002, del 11 luglio, sui Servizi della Societ\u00e0 dell&#8217;Informazione e del Commercio Elettronico, informa che:<\/p><p>\u00a0<\/p><ul><li>La denominazione della societ\u00e0 \u00e8: BONUS MARKETING PRODUCTIONS, S.L.<\/li><li>Il suo CIF \u00e8: B65647612<\/li><li>La sua sede legale \u00e8 in: Avda. Bases de Manresa, n.\u00ba 52-58, 1\u00ba 3\u00aa, 08241 Manresa \u2013 Barcellona<\/li><li>Registro Mercantile di Barcellona T 42793, F 40, S 8, H B413101, I\/A 7<\/li><\/ul><p>\u00a0<\/p><p>\u00a0<\/p><h4>3. Comunicazioni<\/h4><p>Per comunicare con noi, mettiamo a tua disposizione diversi mezzi di contatto che dettagliamo di seguito:<\/p><p>\u00a0<\/p><ul><li>Telefono: 938722405<\/li><li>E-mail: mail@bonusmp.com<\/li><\/ul><p>\u00a0<\/p><p>Tutte le notifiche e comunicazioni tra gli utenti e BONUS saranno considerate efficaci, per tutti gli effetti, quando verranno fatte tramite uno dei mezzi sopra indicati.<\/p><p>\u00a0<\/p><p>\u00a0<\/p><h4>4. Condizioni de accesso e utilizzo<\/h4><p>Il sito web e i suoi servizi sono di accesso gratuito e aperto. Tuttavia, BONUS pu\u00f2 condizionare l&#8217;uso di alcuni dei servizi offerti sul suo sito web al completamento preventivo del modulo corrispondente.<\/p><p>\u00a0<\/p><p>L&#8217;utente garantisce l&#8217;autenticit\u00e0 e l&#8217;aggiornamento di tutti i dati comunicati a BONUS e sar\u00e0 l&#8217;unico responsabile per qualsiasi dichiarazione falsa o imprecisa fatta.<\/p><p>\u00a0<\/p><p>L&#8217;utente accetta espressamente di fare un uso appropriato dei contenuti e dei servizi di BONUS e di non utilizzarli per, tra l&#8217;altro:<\/p><p>\u00a0<\/p><ul><li>Diffondere contenuti criminali, violenti, pornografici, razzisti, xenofobi, offensivi, che incitano al terrorismo o, in generale, contrari alla legge o all&#8217;ordine pubblico.<\/li><li>Introdurre virus informatici nella rete o compiere azioni che possano alterare, danneggiare, interrompere o generare errori o danni ai documenti elettronici, ai dati o ai sistemi fisici e logici di BONUS o di terzi; nonch\u00e9 ostacolare l&#8217;accesso di altri utenti al sito web e ai suoi servizi attraverso il consumo massiccio di risorse informatiche tramite cui BONUS fornisce i suoi servizi.<\/li><li>Tentare di accedere agli account e-mail di altri utenti o aree riservate dei sistemi informatici di BONUS o di terzi e, se del caso, estrarre informazioni.<\/li><li>Violare i diritti di propriet\u00e0 intellettuale o industriale, nonch\u00e9 violare la riservatezza delle informazioni di BONUS o di terzi.<\/li><li>Impossessarsi dell&#8217;identit\u00e0 di un altro utente.<\/li><li>Riprodurre, copiare, distribuire, rendere disponibili o qualsiasi altra forma di comunicazione pubblica, trasformare o modificare i contenuti, salvo che si possieda l&#8217;autorizzazione del titolare dei diritti corrispondenti o che ci\u00f2 sia legalmente consentito.<\/li><li>Raccogliere dati per scopi pubblicitari e inviare pubblicit\u00e0 di qualsiasi tipo e comunicazioni per scopi di vendita o commerciali senza il tuo previo consenso.<\/li><\/ul><p>\u00a0<\/p><p>Tutti i contenuti del sito web, come testi, fotografie, grafica, immagini, icone, tecnologia, software, cos\u00ec come il suo design grafico e i codici sorgente, costituiscono un&#8217;opera di propriet\u00e0 di BONUS, senza che venga trasferito all&#8217;utente alcun diritto di sfruttamento su di essi oltre a quanto strettamente necessario per un corretto utilizzo del sito.<\/p><p>\u00a0<\/p><p>In sintesi, gli utenti che accedono a questo sito web possono visualizzare i contenuti e, se del caso, fare copie private autorizzate, a condizione che gli elementi riprodotti non vengano successivamente trasferiti a terzi, n\u00e9 siano installati su server connessi a reti, n\u00e9 siano oggetto di alcun tipo di sfruttamento.<\/p><p>\u00a0<\/p><p>Allo stesso modo, tutti i marchi, nomi commerciali o segni distintivi di qualsiasi tipo che appaiono nel sito web sono di propriet\u00e0 di BONUS, senza che l&#8217;uso o l&#8217;accesso ad essi attribuisca all&#8217;utente alcun diritto su di essi.<\/p><p>\u00a0<\/p><p>La distribuzione, modifica, assegnazione o comunicazione pubblica dei contenuti e qualsiasi altro atto che non sia espressamente autorizzato dal titolare dei diritti di sfruttamento \u00e8 vietato.<\/p><p>\u00a0<\/p><p>L&#8217;istituzione di un collegamento ipertestuale non implica in alcun caso l&#8217;esistenza di relazioni tra BONUS e il proprietario del sito web su cui \u00e8 stabilito, n\u00e9 l&#8217;accettazione e approvazione da parte di BONUS dei suoi contenuti o servizi.<\/p><p>\u00a0<\/p><p>BONUS non \u00e8 responsabile per l&#8217;uso che ogni utente fa dei materiali messi a disposizione su questo sito web o per le azioni svolte in base ad essi.<\/p><p>\u00a0<\/p><h5><em>4.1. Exclusione di garanzie e responsabilit\u00e0 nell&#8217;accesso e nell&#8217;uso<\/em><\/h5><p>Il contenuto di questo sito web \u00e8 di carattere generale e ha solo scopo informativo, senza garantire completamente l&#8217;accesso a tutti i contenuti, n\u00e9 la loro completezza, correttezza, validit\u00e0 o tempestivit\u00e0, n\u00e9 la loro idoneit\u00e0 o utilit\u00e0 per uno scopo specifico.<\/p><p>\u00a0<\/p><p>BONUS esclude, nella misura consentita dalla legge, qualsiasi responsabilit\u00e0 per danni di qualsiasi natura derivanti da:<\/p><p>\u00a0<\/p><ul><li>L&#8217;impossibilit\u00e0 di accedere al sito web o la mancanza di veridicit\u00e0, accuratezza, completezza e\/o tempestivit\u00e0 dei contenuti, nonch\u00e9 l&#8217;esistenza di vizi e difetti di qualsiasi tipo nei contenuti trasmessi, diffusi, archiviati, messi a disposizione o ai quali si \u00e8 avuto accesso tramite il sito web o i servizi offerti.<\/li><li>La presenza di virus o altri elementi nei contenuti che possano causare alterazioni nei sistemi informatici, nei documenti elettronici o nei dati degli utenti.<\/li><li>La mancata osservanza delle leggi, della buona fede, dell&#8217;ordine pubblico, delle consuetudini di traffico e del presente avviso legale a causa di un uso scorretto del sito web. In particolare, e a titolo esemplificativo, BONUS non \u00e8 responsabile per le azioni di terzi che violano i diritti di propriet\u00e0 intellettuale e industriale, i segreti commerciali, i diritti all&#8217;onore, alla privacy personale e familiare e all&#8217;immagine, nonch\u00e9 le normative sulla concorrenza sleale e la pubblicit\u00e0 illecita.<\/li><\/ul><p>\u00a0<\/p><p>Inoltre, BONUS declina qualsiasi responsabilit\u00e0 riguardo le informazioni esterne a questo sito web e non gestite direttamente dal nostro webmaster. La funzione dei collegamenti presenti su questo sito web \u00e8 esclusivamente quella di informare l&#8217;utente sull&#8217;esistenza di altre fonti in grado di ampliare i contenuti offerti dal presente sito. BONUS non garantisce n\u00e9 \u00e8 responsabile per il funzionamento o l&#8217;accessibilit\u00e0 dei siti collegati; n\u00e9 suggerisce, invita o raccomanda una visita a tali siti, quindi non sar\u00e0 responsabile per il risultato ottenuto. BONUS non \u00e8 responsabile per l&#8217;istituzione di collegamenti ipertestuali da parte di terzi.<\/p><p>\u00a0<\/p><h5><em>4.2. Procedura in caso de attivit\u00e0 illecite<\/em><\/h5><p>Nel caso in cui un utente o un terzo ritenga che vi siano fatti o circostanze che rivelano la natura illecita dell&#8217;uso di contenuti e\/o delle attivit\u00e0 svolte sulle pagine web incluse o accessibili tramite il sito web, devono inviare una notifica a BONUS identificandosi correttamente e specificando le presunte violazioni.<\/p><p>\u00a0<\/p><h5><em>4.3. Pubblicazioni<\/em><\/h5><p>Le informazioni amministrative fornite tramite il sito web non sostituiscono la pubblicit\u00e0 legale delle leggi, regolamenti, piani, disposizioni generali e atti che devono essere formalmente pubblicati nei giornali ufficiali delle amministrazioni pubbliche, che costituiscono l&#8217;unico strumento che attesta la loro autenticit\u00e0 e contenuto. Le informazioni disponibili su questo sito web devono essere intese come una guida senza l&#8217;intento di validit\u00e0 legale.<\/p><p>\u00a0<\/p><p>\u00a0<\/p><h4>5. Propiriet\u00e0 intellettuale e industriale<\/h4><p>BONUS, da solo o come cessionario, \u00e8 proprietario di tutti i diritti di propriet\u00e0 intellettuale e industriale del proprio sito web, nonch\u00e9 degli elementi contenuti al suo interno (salvo titolo descrittivo, immagini, suoni, audio, video, software o testi; marchi o loghi, combinazioni di colori, struttura e design, selezione dei materiali utilizzati, programmi informatici necessari per il suo funzionamento, accesso e utilizzo, ecc.), di propriet\u00e0 di BONUS. Pertanto, saranno opere protette come propriet\u00e0 intellettuale dal sistema giuridico spagnolo, e ad esse si applicano le normative spagnole e comunitarie in questo campo, nonch\u00e9 i trattati internazionali relativi alla materia e firmati dalla Spagna.<\/p><p>\u00a0<\/p><p>Tutti i diritti riservati. In virt\u00f9 delle disposizioni degli articoli 8 e 32.1, secondo comma, della Legge sulla Propriet\u00e0 Intellettuale, la riproduzione, distribuzione e comunicazione pubblica, compreso il metodo per renderli disponibili, di tutti o parte dei contenuti di questo sito web, a fini commerciali, su qualsiasi supporto e con qualsiasi mezzo tecnico, senza l&#8217;autorizzazione di BONUS.<\/p><p>\u00a0<\/p><p>L&#8217;utente si impegna a rispettare i diritti di propriet\u00e0 intellettuale e industriale di BONUS. Puoi visualizzare gli elementi del portale e anche stamparli, copiarli e memorizzarli nel disco rigido del tuo computer o su qualsiasi altro supporto fisico, purch\u00e9 esclusivamente per uso personale e privato. L&#8217;utente deve astenersi dal cancellare, alterare, eludere o manipolare qualsiasi dispositivo di protezione o sistema di sicurezza che fosse installato sulle pagine di BONUS.<\/p><p>\u00a0<\/p><p>\u00a0<\/p><h4>6. Azioni legali, legislazione applicabile e giurisdizione<\/h4><p>BONUS si <strong>riserva altres\u00ec il diritto di presentare azioni civili o penali che ritenga opportune per l&#8217;uso improprio del suo sito web e dei suoi contenuti, o per la violazione di queste condizioni<\/strong>.<\/p><p>\u00a0<\/p><p>Il rapporto tra l&#8217;utente e il fornitore sar\u00e0 regolato dalle normative vigenti e applicabili nel territorio spagnolo. In caso di controversia, le parti possono sottoporre i loro conflitti ad arbitrato o ricorrere alla giurisdizione ordinaria, rispettando le norme sulla giurisdizione e competenza in materia. BONUS ha sede a BARCELLONA, Spagna.<\/p><p>\u00a0<\/p><p>La lingua utilizzata sar\u00e0 lo spagnolo.<\/p>\t\t\t\t\t\t\t\t<\/div>\n\t\t\t\t<\/div>\n\t\t\t\t\t<\/div>\n\t\t<\/div>\n\t\t\t\t\t<\/div>\n\t\t<\/section>\n\t\t\t\t<\/div>\n\t\t","protected":false},"excerpt":{"rendered":"<p>Avviso legale Avviso legale 1. Oggetto Il presente avviso legale regola l&#8217;uso e l&#8217;utilizzo del sito web\u00a0www.bonusmp.com\u00a0di propriet\u00e0 della BONUS MARKETING PRODUCTIONS, S.L. (di seguito, BONUS). \u00a0 La navigazione del sito web BONUS attribuisce la condizione di UTENTE e comporta l&#8217;accettazione totale e senza riserve di tutte le condizioni pubblicate in questo avviso legale, con [&hellip;]<\/p>\n","protected":false},"author":1,"featured_media":0,"parent":0,"menu_order":0,"comment_status":"closed","ping_status":"closed","template":"","meta":{"footnotes":""},"class_list":["post-4650","page","type-page","status-publish","hentry"],"yoast_head":"<!-- This site is optimized with the Yoast SEO plugin v27.3 - https:\/\/yoast.com\/product\/yoast-seo-wordpress\/ -->\n<title>Avviso legale - Hasbro Tailor Made<\/title>\n<meta name=\"description\" content=\"Pagina dell&#039;avviso legale del sito Hasbro Tailor Made di Bonus.\" \/>\n<meta name=\"robots\" content=\"index, follow, max-snippet:-1, max-image-preview:large, max-video-preview:-1\" \/>\n<link rel=\"canonical\" href=\"https:\/\/hasbrotailormade.com\/it\/avviso-legale\/\" \/>\n<meta property=\"og:locale\" content=\"it_IT\" \/>\n<meta property=\"og:type\" content=\"article\" \/>\n<meta property=\"og:title\" content=\"Avviso legale - Hasbro Tailor Made\" \/>\n<meta property=\"og:description\" content=\"Pagina dell&#039;avviso legale del sito Hasbro Tailor Made di Bonus.\" \/>\n<meta property=\"og:url\" content=\"https:\/\/hasbrotailormade.com\/it\/avviso-legale\/\" \/>\n<meta property=\"og:site_name\" content=\"Hasbro Tailor Made\" \/>\n<meta property=\"article:modified_time\" content=\"2025-12-09T08:34:04+00:00\" \/>\n<meta property=\"og:image\" content=\"https:\/\/hasbrotailormade.com\/wp-content\/uploads\/2025\/01\/TRZ_V2_HSBRO_TAILOR-MADE.png\" \/>\n\t<meta property=\"og:image:width\" content=\"445\" \/>\n\t<meta property=\"og:image:height\" content=\"445\" \/>\n\t<meta property=\"og:image:type\" content=\"image\/png\" \/>\n<meta name=\"twitter:card\" content=\"summary_large_image\" \/>\n<meta name=\"twitter:label1\" content=\"Tempo di lettura stimato\" \/>\n\t<meta name=\"twitter:data1\" content=\"8 minuti\" \/>\n<script type=\"application\/ld+json\" class=\"yoast-schema-graph\">{\"@context\":\"https:\\\/\\\/schema.org\",\"@graph\":[{\"@type\":\"WebPage\",\"@id\":\"https:\\\/\\\/hasbrotailormade.com\\\/it\\\/avviso-legale\\\/\",\"url\":\"https:\\\/\\\/hasbrotailormade.com\\\/it\\\/avviso-legale\\\/\",\"name\":\"Avviso legale - Hasbro Tailor Made\",\"isPartOf\":{\"@id\":\"https:\\\/\\\/hasbrotailormade.com\\\/it\\\/#website\"},\"datePublished\":\"2025-01-30T08:53:43+00:00\",\"dateModified\":\"2025-12-09T08:34:04+00:00\",\"description\":\"Pagina dell'avviso legale del sito Hasbro Tailor Made di Bonus.\",\"breadcrumb\":{\"@id\":\"https:\\\/\\\/hasbrotailormade.com\\\/it\\\/avviso-legale\\\/#breadcrumb\"},\"inLanguage\":\"it-IT\",\"potentialAction\":[{\"@type\":\"ReadAction\",\"target\":[\"https:\\\/\\\/hasbrotailormade.com\\\/it\\\/avviso-legale\\\/\"]}]},{\"@type\":\"BreadcrumbList\",\"@id\":\"https:\\\/\\\/hasbrotailormade.com\\\/it\\\/avviso-legale\\\/#breadcrumb\",\"itemListElement\":[{\"@type\":\"ListItem\",\"position\":1,\"name\":\"Inici\",\"item\":\"https:\\\/\\\/hasbrotailormade.com\\\/it\\\/\"},{\"@type\":\"ListItem\",\"position\":2,\"name\":\"Avviso legale\"}]},{\"@type\":\"WebSite\",\"@id\":\"https:\\\/\\\/hasbrotailormade.com\\\/it\\\/#website\",\"url\":\"https:\\\/\\\/hasbrotailormade.com\\\/it\\\/\",\"name\":\"Hasbro Tailor Made\",\"description\":\"Los mejores juegos de mesa personalizados con tu marca.\",\"publisher\":{\"@id\":\"https:\\\/\\\/hasbrotailormade.com\\\/it\\\/#organization\"},\"potentialAction\":[{\"@type\":\"SearchAction\",\"target\":{\"@type\":\"EntryPoint\",\"urlTemplate\":\"https:\\\/\\\/hasbrotailormade.com\\\/it\\\/?s={search_term_string}\"},\"query-input\":{\"@type\":\"PropertyValueSpecification\",\"valueRequired\":true,\"valueName\":\"search_term_string\"}}],\"inLanguage\":\"it-IT\"},{\"@type\":\"Organization\",\"@id\":\"https:\\\/\\\/hasbrotailormade.com\\\/it\\\/#organization\",\"name\":\"Hasbro Tailor Made\",\"url\":\"https:\\\/\\\/hasbrotailormade.com\\\/it\\\/\",\"logo\":{\"@type\":\"ImageObject\",\"inLanguage\":\"it-IT\",\"@id\":\"https:\\\/\\\/hasbrotailormade.com\\\/it\\\/#\\\/schema\\\/logo\\\/image\\\/\",\"url\":\"https:\\\/\\\/hasbrotailormade.com\\\/wp-content\\\/uploads\\\/2025\\\/01\\\/cropped-hasbrotailormade-logo.png\",\"contentUrl\":\"https:\\\/\\\/hasbrotailormade.com\\\/wp-content\\\/uploads\\\/2025\\\/01\\\/cropped-hasbrotailormade-logo.png\",\"width\":260,\"height\":270,\"caption\":\"Hasbro Tailor Made\"},\"image\":{\"@id\":\"https:\\\/\\\/hasbrotailormade.com\\\/it\\\/#\\\/schema\\\/logo\\\/image\\\/\"}}]}<\/script>\n<!-- \/ Yoast SEO plugin. -->","yoast_head_json":{"title":"Avviso legale - Hasbro Tailor Made","description":"Pagina dell'avviso legale del sito Hasbro Tailor Made di Bonus.","robots":{"index":"index","follow":"follow","max-snippet":"max-snippet:-1","max-image-preview":"max-image-preview:large","max-video-preview":"max-video-preview:-1"},"canonical":"https:\/\/hasbrotailormade.com\/it\/avviso-legale\/","og_locale":"it_IT","og_type":"article","og_title":"Avviso legale - Hasbro Tailor Made","og_description":"Pagina dell'avviso legale del sito Hasbro Tailor Made di Bonus.","og_url":"https:\/\/hasbrotailormade.com\/it\/avviso-legale\/","og_site_name":"Hasbro Tailor Made","article_modified_time":"2025-12-09T08:34:04+00:00","og_image":[{"width":445,"height":445,"url":"https:\/\/hasbrotailormade.com\/wp-content\/uploads\/2025\/01\/TRZ_V2_HSBRO_TAILOR-MADE.png","type":"image\/png"}],"twitter_card":"summary_large_image","twitter_misc":{"Tempo di lettura stimato":"8 minuti"},"schema":{"@context":"https:\/\/schema.org","@graph":[{"@type":"WebPage","@id":"https:\/\/hasbrotailormade.com\/it\/avviso-legale\/","url":"https:\/\/hasbrotailormade.com\/it\/avviso-legale\/","name":"Avviso legale - Hasbro Tailor Made","isPartOf":{"@id":"https:\/\/hasbrotailormade.com\/it\/#website"},"datePublished":"2025-01-30T08:53:43+00:00","dateModified":"2025-12-09T08:34:04+00:00","description":"Pagina dell'avviso legale del sito Hasbro Tailor Made di Bonus.","breadcrumb":{"@id":"https:\/\/hasbrotailormade.com\/it\/avviso-legale\/#breadcrumb"},"inLanguage":"it-IT","potentialAction":[{"@type":"ReadAction","target":["https:\/\/hasbrotailormade.com\/it\/avviso-legale\/"]}]},{"@type":"BreadcrumbList","@id":"https:\/\/hasbrotailormade.com\/it\/avviso-legale\/#breadcrumb","itemListElement":[{"@type":"ListItem","position":1,"name":"Inici","item":"https:\/\/hasbrotailormade.com\/it\/"},{"@type":"ListItem","position":2,"name":"Avviso legale"}]},{"@type":"WebSite","@id":"https:\/\/hasbrotailormade.com\/it\/#website","url":"https:\/\/hasbrotailormade.com\/it\/","name":"Hasbro Tailor Made","description":"Los mejores juegos de mesa personalizados con tu marca.","publisher":{"@id":"https:\/\/hasbrotailormade.com\/it\/#organization"},"potentialAction":[{"@type":"SearchAction","target":{"@type":"EntryPoint","urlTemplate":"https:\/\/hasbrotailormade.com\/it\/?s={search_term_string}"},"query-input":{"@type":"PropertyValueSpecification","valueRequired":true,"valueName":"search_term_string"}}],"inLanguage":"it-IT"},{"@type":"Organization","@id":"https:\/\/hasbrotailormade.com\/it\/#organization","name":"Hasbro Tailor Made","url":"https:\/\/hasbrotailormade.com\/it\/","logo":{"@type":"ImageObject","inLanguage":"it-IT","@id":"https:\/\/hasbrotailormade.com\/it\/#\/schema\/logo\/image\/","url":"https:\/\/hasbrotailormade.com\/wp-content\/uploads\/2025\/01\/cropped-hasbrotailormade-logo.png","contentUrl":"https:\/\/hasbrotailormade.com\/wp-content\/uploads\/2025\/01\/cropped-hasbrotailormade-logo.png","width":260,"height":270,"caption":"Hasbro Tailor Made"},"image":{"@id":"https:\/\/hasbrotailormade.com\/it\/#\/schema\/logo\/image\/"}}]}},"_links":{"self":[{"href":"https:\/\/hasbrotailormade.com\/it\/wp-json\/wp\/v2\/pages\/4650","targetHints":{"allow":["GET"]}}],"collection":[{"href":"https:\/\/hasbrotailormade.com\/it\/wp-json\/wp\/v2\/pages"}],"about":[{"href":"https:\/\/hasbrotailormade.com\/it\/wp-json\/wp\/v2\/types\/page"}],"author":[{"embeddable":true,"href":"https:\/\/hasbrotailormade.com\/it\/wp-json\/wp\/v2\/users\/1"}],"replies":[{"embeddable":true,"href":"https:\/\/hasbrotailormade.com\/it\/wp-json\/wp\/v2\/comments?post=4650"}],"version-history":[{"count":0,"href":"https:\/\/hasbrotailormade.com\/it\/wp-json\/wp\/v2\/pages\/4650\/revisions"}],"wp:attachment":[{"href":"https:\/\/hasbrotailormade.com\/it\/wp-json\/wp\/v2\/media?parent=4650"}],"curies":[{"name":"wp","href":"https:\/\/api.w.org\/{rel}","templated":true}]}}